{"id":790,"date":"2024-07-19T09:14:20","date_gmt":"2024-07-19T07:14:20","guid":{"rendered":"https:\/\/heliotropes.fr\/?page_id=790"},"modified":"2024-07-19T09:45:33","modified_gmt":"2024-07-19T07:45:33","slug":"maintenance","status":"publish","type":"page","link":"https:\/\/heliotropes.fr\/index.php\/maintenance\/","title":{"rendered":"Maintenance"},"content":{"rendered":"<p>[et_pb_section fb_built=\u00a0\u00bb1&Prime; _builder_version=\u00a0\u00bb4.27.0&Prime; _module_preset=\u00a0\u00bbdefault\u00a0\u00bb global_colors_info=\u00a0\u00bb{}\u00a0\u00bb][et_pb_row column_structure=\u00a0\u00bb1_2,1_2&Prime; make_equal=\u00a0\u00bbon\u00a0\u00bb _builder_version=\u00a0\u00bb4.27.0&Prime; _module_preset=\u00a0\u00bbdefault\u00a0\u00bb global_colors_info=\u00a0\u00bb{}\u00a0\u00bb][et_pb_column type=\u00a0\u00bb1_2&Prime; _builder_version=\u00a0\u00bb4.27.0&Prime; _module_preset=\u00a0\u00bbdefault\u00a0\u00bb custom_css_free_form=\u00a0\u00bbselector {margin : auto}\u00a0\u00bb global_colors_info=\u00a0\u00bb{}\u00a0\u00bb][et_pb_image src=\u00a0\u00bbhttps:\/\/heliotropes.fr\/wp-content\/uploads\/2022\/02\/logo_solo_Big.png\u00a0\u00bb title_text=\u00a0\u00bblogo_solo_Big\u00a0\u00bb align=\u00a0\u00bbcenter\u00a0\u00bb _builder_version=\u00a0\u00bb4.27.0&Prime; _module_preset=\u00a0\u00bbdefault\u00a0\u00bb width=\u00a0\u00bb75%\u00a0\u00bb hover_enabled=\u00a0\u00bb0&Prime; global_colors_info=\u00a0\u00bb{}\u00a0\u00bb custom_margin=\u00a0\u00bb||0px||false|false\u00a0\u00bb custom_padding=\u00a0\u00bb||1px||false|false\u00a0\u00bb sticky_enabled=\u00a0\u00bb0&Prime;][\/et_pb_image][et_pb_text _builder_version=\u00a0\u00bb4.27.0&Prime; _module_preset=\u00a0\u00bbdefault\u00a0\u00bb hover_enabled=\u00a0\u00bb0&Prime; sticky_enabled=\u00a0\u00bb0&Prime;]<\/p>\n<p style=\"text-align: center;\">CABINET-CONSEIL\u00a0 | ORGANISME DE FORMATION | LABORATOIRE DE RECHERCHE<\/p>\n<p>[\/et_pb_text][et_pb_text _builder_version=\u00a0\u00bb4.27.0&Prime; _module_preset=\u00a0\u00bbdefault\u00a0\u00bb custom_padding=\u00a0\u00bb1px|||||\u00a0\u00bb hover_enabled=\u00a0\u00bb0&Prime; global_colors_info=\u00a0\u00bb{}\u00a0\u00bb sticky_enabled=\u00a0\u00bb0&Prime;]<\/p>\n<h3 style=\"text-align: center;\"><span style=\"color: #0c71c3;\"><strong>Le site d&rsquo;H\u00e9liotropes est actuellement en maintenance.<\/strong><\/span><\/h3>\n<h3 style=\"text-align: center;\">Rendez-vous tr\u00e8s prochainement pour d\u00e9couvrir les nouveaux services.<\/h3>\n<p>[\/et_pb_text][\/et_pb_column][et_pb_column type=\u00a0\u00bb1_2&Prime; _builder_version=\u00a0\u00bb4.27.0&Prime; _module_preset=\u00a0\u00bbdefault\u00a0\u00bb global_colors_info=\u00a0\u00bb{}\u00a0\u00bb][et_pb_image src=\u00a0\u00bbhttps:\/\/heliotropes.fr\/wp-content\/uploads\/2024\/07\/52525-scaled.jpg\u00a0\u00bb alt=\u00a0\u00bbMaintenance\u00a0\u00bb title_text=\u00a0\u00bbMaintenance\u00a0\u00bb _builder_version=\u00a0\u00bb4.27.0&Prime; _module_preset=\u00a0\u00bbdefault\u00a0\u00bb width=\u00a0\u00bb80%\u00a0\u00bb module_alignment=\u00a0\u00bbcenter\u00a0\u00bb global_colors_info=\u00a0\u00bb{}\u00a0\u00bb][\/et_pb_image][\/et_pb_column][\/et_pb_row][\/et_pb_section]<\/p>\n","protected":false},"excerpt":{"rendered":"<p>CABINET-CONSEIL\u00a0 | ORGANISME DE FORMATION | LABORATOIRE DE RECHERCHELe site d&rsquo;H\u00e9liotropes est actuellement en maintenance. Rendez-vous tr\u00e8s prochainement pour d\u00e9couvrir les nouveaux services.<\/p>\n","protected":false},"author":2,"featured_media":0,"parent":0,"menu_order":0,"comment_status":"closed","ping_status":"closed","template":"page-template-blank.php","meta":{"_et_pb_use_builder":"on","_et_pb_old_content":"","_et_gb_content_width":"","inline_featured_image":false,"footnotes":""},"class_list":["post-790","page","type-page","status-publish","hentry"],"yoast_head":"<!-- This site is optimized with the Yoast SEO plugin v25.6 - https:\/\/yoast.com\/wordpress\/plugins\/seo\/ -->\n<title>Maintenance - H\u00e9liotropes<\/title>\n<meta name=\"robots\" content=\"index, follow, max-snippet:-1, max-image-preview:large, max-video-preview:-1\" \/>\n<link rel=\"canonical\" href=\"https:\/\/heliotropes.fr\/index.php\/maintenance\/\" \/>\n<meta property=\"og:locale\" content=\"fr_FR\" \/>\n<meta property=\"og:type\" content=\"article\" \/>\n<meta property=\"og:title\" content=\"Maintenance - H\u00e9liotropes\" \/>\n<meta property=\"og:description\" content=\"CABINET-CONSEIL\u00a0 | ORGANISME DE FORMATION | LABORATOIRE DE RECHERCHELe site d&#039;H\u00e9liotropes est actuellement en maintenance. Rendez-vous tr\u00e8s prochainement pour d\u00e9couvrir les nouveaux services.\" \/>\n<meta property=\"og:url\" content=\"https:\/\/heliotropes.fr\/index.php\/maintenance\/\" \/>\n<meta property=\"og:site_name\" content=\"H\u00e9liotropes\" \/>\n<meta property=\"article:modified_time\" content=\"2024-07-19T07:45:33+00:00\" \/>\n<meta name=\"twitter:card\" content=\"summary_large_image\" \/>\n<script type=\"application\/ld+json\" class=\"yoast-schema-graph\">{\"@context\":\"https:\/\/schema.org\",\"@graph\":[{\"@type\":\"WebPage\",\"@id\":\"https:\/\/heliotropes.fr\/index.php\/maintenance\/\",\"url\":\"https:\/\/heliotropes.fr\/index.php\/maintenance\/\",\"name\":\"Maintenance - H\u00e9liotropes\",\"isPartOf\":{\"@id\":\"https:\/\/heliotropes.fr\/#website\"},\"datePublished\":\"2024-07-19T07:14:20+00:00\",\"dateModified\":\"2024-07-19T07:45:33+00:00\",\"breadcrumb\":{\"@id\":\"https:\/\/heliotropes.fr\/index.php\/maintenance\/#breadcrumb\"},\"inLanguage\":\"fr-FR\",\"potentialAction\":[{\"@type\":\"ReadAction\",\"target\":[\"https:\/\/heliotropes.fr\/index.php\/maintenance\/\"]}]},{\"@type\":\"BreadcrumbList\",\"@id\":\"https:\/\/heliotropes.fr\/index.php\/maintenance\/#breadcrumb\",\"itemListElement\":[{\"@type\":\"ListItem\",\"position\":1,\"name\":\"Accueil\",\"item\":\"https:\/\/heliotropes.fr\/\"},{\"@type\":\"ListItem\",\"position\":2,\"name\":\"Maintenance\"}]},{\"@type\":\"WebSite\",\"@id\":\"https:\/\/heliotropes.fr\/#website\",\"url\":\"https:\/\/heliotropes.fr\/\",\"name\":\"H\u00e9liotropes\",\"description\":\"Gestion de la vie patrimoniale\",\"potentialAction\":[{\"@type\":\"SearchAction\",\"target\":{\"@type\":\"EntryPoint\",\"urlTemplate\":\"https:\/\/heliotropes.fr\/?s={search_term_string}\"},\"query-input\":{\"@type\":\"PropertyValueSpecification\",\"valueRequired\":true,\"valueName\":\"search_term_string\"}}],\"inLanguage\":\"fr-FR\"}]}<\/script>\n<!-- \/ Yoast SEO plugin. -->","yoast_head_json":{"title":"Maintenance - H\u00e9liotropes","robots":{"index":"index","follow":"follow","max-snippet":"max-snippet:-1","max-image-preview":"max-image-preview:large","max-video-preview":"max-video-preview:-1"},"canonical":"https:\/\/heliotropes.fr\/index.php\/maintenance\/","og_locale":"fr_FR","og_type":"article","og_title":"Maintenance - H\u00e9liotropes","og_description":"CABINET-CONSEIL\u00a0 | ORGANISME DE FORMATION | LABORATOIRE DE RECHERCHELe site d'H\u00e9liotropes est actuellement en maintenance. Rendez-vous tr\u00e8s prochainement pour d\u00e9couvrir les nouveaux services.","og_url":"https:\/\/heliotropes.fr\/index.php\/maintenance\/","og_site_name":"H\u00e9liotropes","article_modified_time":"2024-07-19T07:45:33+00:00","twitter_card":"summary_large_image","schema":{"@context":"https:\/\/schema.org","@graph":[{"@type":"WebPage","@id":"https:\/\/heliotropes.fr\/index.php\/maintenance\/","url":"https:\/\/heliotropes.fr\/index.php\/maintenance\/","name":"Maintenance - H\u00e9liotropes","isPartOf":{"@id":"https:\/\/heliotropes.fr\/#website"},"datePublished":"2024-07-19T07:14:20+00:00","dateModified":"2024-07-19T07:45:33+00:00","breadcrumb":{"@id":"https:\/\/heliotropes.fr\/index.php\/maintenance\/#breadcrumb"},"inLanguage":"fr-FR","potentialAction":[{"@type":"ReadAction","target":["https:\/\/heliotropes.fr\/index.php\/maintenance\/"]}]},{"@type":"BreadcrumbList","@id":"https:\/\/heliotropes.fr\/index.php\/maintenance\/#breadcrumb","itemListElement":[{"@type":"ListItem","position":1,"name":"Accueil","item":"https:\/\/heliotropes.fr\/"},{"@type":"ListItem","position":2,"name":"Maintenance"}]},{"@type":"WebSite","@id":"https:\/\/heliotropes.fr\/#website","url":"https:\/\/heliotropes.fr\/","name":"H\u00e9liotropes","description":"Gestion de la vie patrimoniale","potentialAction":[{"@type":"SearchAction","target":{"@type":"EntryPoint","urlTemplate":"https:\/\/heliotropes.fr\/?s={search_term_string}"},"query-input":{"@type":"PropertyValueSpecification","valueRequired":true,"valueName":"search_term_string"}}],"inLanguage":"fr-FR"}]}},"_links":{"self":[{"href":"https:\/\/heliotropes.fr\/index.php\/wp-json\/wp\/v2\/pages\/790"}],"collection":[{"href":"https:\/\/heliotropes.fr\/index.php\/wp-json\/wp\/v2\/pages"}],"about":[{"href":"https:\/\/heliotropes.fr\/index.php\/wp-json\/wp\/v2\/types\/page"}],"author":[{"embeddable":true,"href":"https:\/\/heliotropes.fr\/index.php\/wp-json\/wp\/v2\/users\/2"}],"replies":[{"embeddable":true,"href":"https:\/\/heliotropes.fr\/index.php\/wp-json\/wp\/v2\/comments?post=790"}],"version-history":[{"count":4,"href":"https:\/\/heliotropes.fr\/index.php\/wp-json\/wp\/v2\/pages\/790\/revisions"}],"predecessor-version":[{"id":803,"href":"https:\/\/heliotropes.fr\/index.php\/wp-json\/wp\/v2\/pages\/790\/revisions\/803"}],"wp:attachment":[{"href":"https:\/\/heliotropes.fr\/index.php\/wp-json\/wp\/v2\/media?parent=790"}],"curies":[{"name":"wp","href":"https:\/\/api.w.org\/{rel}","templated":true}]}}